{"id":629,"date":"2014-06-19T17:08:49","date_gmt":"2014-06-19T16:08:49","guid":{"rendered":"http:\/\/marion.dk\/?page_id=629"},"modified":"2023-03-17T11:42:07","modified_gmt":"2023-03-17T10:42:07","slug":"hjem-2","status":"publish","type":"page","link":"https:\/\/marion.dk\/en\/","title":{"rendered":"Home"},"content":{"rendered":"<div class=\"ten columns   \"> <div class=\"headline no-margin\"><h4>MARION &#8211; Artisan cheese &#038; delicacies<\/h4><\/div><\/p>\n<p>Are you forever looking for that one, very special product \u2013<br \/>\nthe one you know can\u2019t be found just anywhere?<br \/>\nAnd are you someone who always looks out for that delicious,<br \/>\nlocally produced cheese or sausage, when you\u2019re on holiday?<br \/>\nIf you\u2019re after something really special\u00a0then look no further.<br \/>\nYou\u2019ll find it with us!<\/p>\n<p>Marion offers some of the most tasty and distinctive local products in all of Holland.<br \/>\nThese are special foods, available only at certain outlets &#8211; simply because our producers do not produce on a large scale.<br \/>\nAnd we like to keep it that way!<br \/>\nThis is because working small scale ensures that the product you\u2019ll be taking home with you is carefully prepared, distinct, and truly original.<\/p>\n<p>Marion\u2019s products are produced mainly on small farms in the east of Holland.<br \/>\nThis is an area with an abundance of farms, fields and forests,<br \/>\nwhere the people live in close connection with nature, are dependable, and \u2018down-to-earth\u2019.<\/p>\n<p>This is also an area where people know how to enjoy the good life \u2013<br \/>\nand all the good things that nature and their wonderful surroundings offer them &#8211;<br \/>\nincluding fantastic cheeses made of fresh, raw milk, and delicious handmade sausages.<br \/>\nAll savoured, preferably, in the company of other \u2018bon vivants\u2019!<\/p>\n<p>Now <em>that<\/em> is the good life \u2013 according to Marion!<\/p>\n<p><\/div>\n<div class=\"six columns  omega\"> <div class=\"large-notice\"><h2>YES! I would like<br \/>\nto hear more<br \/>\nabout these products.<\/h2>\u00a0Please send me more info.<br \/>\n<a class=\"button medium color\" href=\"kontakt\" > CONTACT <\/a> <\/div> <\/div><br class=\"clear\" \/>\n<p><div class=\"columns sixteen   \"><div class=\"headline no-margin\"><h3>Our products<\/h3><\/div><\/div><br \/>\n<div class=\"four columns alpha\"><div class=\"picture\"><a  href=\"https:\/\/marion.dk\/en\/portfolio\/oekologisk-gouda\/\"><img fetchpriority=\"high\" decoding=\"async\" width=\"300\" height=\"200\" src=\"https:\/\/marion.dk\/wp-content\/uploads\/2014\/07\/Oeko-De-Fire-Sostre_hel_4-kopi-300x200.jpg\" class=\"attachment-portfolio-thumb size-portfolio-thumb wp-post-image\" alt=\"\" \/><div class=\"image-overlay-link\"><\/div><\/a><\/div> <div class=\"item-description\"><h5><a href=\"https:\/\/marion.dk\/en\/portfolio\/oekologisk-gouda\/\">\u00d8kologisk gouda g\u00e5rdost<\/a><\/h5><p>Dejlig cremede g\u00e5rdoste af ko-, gede- f\u00e5re- og b\u00f8ffelm\u00e6lk. <a href=\"\/portfolio\/oekologisk-gouda\/\">L\u00e6s<\/p><\/div><\/div><div class=\"four columns \"><div class=\"picture\"><a  href=\"https:\/\/marion.dk\/en\/portfolio\/broemmels-gedegouda\/\"><img decoding=\"async\" width=\"300\" height=\"200\" src=\"https:\/\/marion.dk\/wp-content\/uploads\/2014\/07\/De-Brommels-faelles_1-kopi-300x200.jpg\" class=\"attachment-portfolio-thumb size-portfolio-thumb wp-post-image\" alt=\"\" \/><div class=\"image-overlay-link\"><\/div><\/a><\/div> <div class=\"item-description\"><h5><a href=\"https:\/\/marion.dk\/en\/portfolio\/broemmels-gedegouda\/\">Gedegouda g\u00e5rdost<\/a><\/h5><p>En s\u00e6rlig gedegouda g\u00e5rdost - det rene osteh\u00e5ndv\u00e6rk. <a href=\"\/portfolio\/broemmels-gedegouda\/\">L\u00e6s mere\u00bb<\/a><\/p><\/div><\/div><div class=\"four columns \"><div class=\"picture\"><a  href=\"https:\/\/marion.dk\/en\/portfolio\/robs-homemade-pate\/\"><img decoding=\"async\" width=\"300\" height=\"200\" src=\"https:\/\/marion.dk\/wp-content\/uploads\/2015\/11\/Robs-pate-3-e1683638738471-300x200.jpg\" class=\"attachment-portfolio-thumb size-portfolio-thumb wp-post-image\" alt=\"\" \/><div class=\"image-overlay-link\"><\/div><\/a><\/div> <div class=\"item-description\"><h5><a href=\"https:\/\/marion.dk\/en\/portfolio\/robs-homemade-pate\/\">Rob\u00b4s homemade p\u00e2t\u00e9<\/a><\/h5><p>Fresh, artisan and tasteful p\u00e2te. <a href=\"\/en\/portfolio\/robs-homemade-pate\/\">Read more\u00bb<\/a><\/p><\/div><\/div><div class=\"four columns omega\"><div class=\"picture\"><a  href=\"https:\/\/marion.dk\/en\/portfolio\/gerards-homemade-mustard\/\"><img loading=\"lazy\" decoding=\"async\" width=\"300\" height=\"200\" src=\"https:\/\/marion.dk\/wp-content\/uploads\/2023\/03\/Mayo-DSC_1989-300x200.jpeg\" class=\"attachment-portfolio-thumb size-portfolio-thumb wp-post-image\" alt=\"\" \/><div class=\"image-overlay-link\"><\/div><\/a><\/div> <div class=\"item-description\"><h5><a href=\"https:\/\/marion.dk\/en\/portfolio\/gerards-homemade-mustard\/\">Gerard\u00b4s homemade mustard and mustard mayo<\/a><\/h5><p>Gerard makes a delicious, artisan mustard. <a href=\"\/en\/portfolio\/gerards-homemade-mustard\/\">Read more\u00bb<\/a><\/p><\/div><\/div><\/p>\n","protected":false},"excerpt":{"rendered":"","protected":false},"author":1,"featured_media":0,"parent":0,"menu_order":0,"comment_status":"closed","ping_status":"closed","template":"template-home.php","meta":{"_monsterinsights_skip_tracking":false,"_monsterinsights_sitenote_active":false,"_monsterinsights_sitenote_note":"","_monsterinsights_sitenote_category":0,"footnotes":""},"class_list":["post-629","page","type-page","status-publish","hentry","has-thumbnail"],"_links":{"self":[{"href":"https:\/\/marion.dk\/en\/wp-json\/wp\/v2\/pages\/629","targetHints":{"allow":["GET"]}}],"collection":[{"href":"https:\/\/marion.dk\/en\/wp-json\/wp\/v2\/pages"}],"about":[{"href":"https:\/\/marion.dk\/en\/wp-json\/wp\/v2\/types\/page"}],"author":[{"embeddable":true,"href":"https:\/\/marion.dk\/en\/wp-json\/wp\/v2\/users\/1"}],"replies":[{"embeddable":true,"href":"https:\/\/marion.dk\/en\/wp-json\/wp\/v2\/comments?post=629"}],"version-history":[{"count":12,"href":"https:\/\/marion.dk\/en\/wp-json\/wp\/v2\/pages\/629\/revisions"}],"predecessor-version":[{"id":4044,"href":"https:\/\/marion.dk\/en\/wp-json\/wp\/v2\/pages\/629\/revisions\/4044"}],"wp:attachment":[{"href":"https:\/\/marion.dk\/en\/wp-json\/wp\/v2\/media?parent=629"}],"curies":[{"name":"wp","href":"https:\/\/api.w.org\/{rel}","templated":true}]}}